{"id":104,"date":"2020-11-23T23:57:35","date_gmt":"2020-11-23T23:57:35","guid":{"rendered":"http:\/\/interaction.cdeacf.ca\/?page_id=104"},"modified":"2024-12-09T16:46:13","modified_gmt":"2024-12-09T16:46:13","slug":"plateforme-interactive-du-cdeacf","status":"publish","type":"page","link":"https:\/\/interaction.cdeacf.ca\/","title":{"rendered":"Plateforme interactive de Co-Savoir"},"content":{"rendered":"\n<h2 class=\"wp-block-heading has-text-color\" style=\"color:#253746\">Pr\u00e9sentation g\u00e9n\u00e9rale<\/h2>\n\n\n\n<p>Vous \u00eates sur la plateforme interactive du <strong>Co-Savoir<\/strong>.<\/p>\n\n\n\n<p>Vous pouvez acc\u00e9der \u00e0 diff\u00e9rentes activit\u00e9s interactives sur cette plateforme. Des quiz, des phrases \u00e0 compl\u00e9ter, des s\u00e9lections d&rsquo;images, etc. Vous avez le choix entre plusieurs formats d&rsquo;activit\u00e9s sur des th\u00e9matiques diff\u00e9rentes.<\/p>\n\n\n\n<p>Cette plateforme est aliment\u00e9e au fur et \u00e0 mesure des projets. Revenez donc r\u00e9guli\u00e8rement pour pratiquer de nouvelles activit\u00e9s ludiques d&rsquo;apprentissage.<\/p>\n\n\n\n<hr class=\"wp-block-separator has-css-opacity\"\/>\n\n\n\n<h2 class=\"wp-block-heading has-text-color\" style=\"color:#253746\">Comment utiliser cette plateforme ?<\/h2>\n\n\n\n<div class=\"wp-block-columns is-layout-flex wp-container-core-columns-is-layout-1 wp-block-columns-is-layout-flex\">\n<div class=\"wp-block-column is-layout-flow wp-block-column-is-layout-flow\" style=\"flex-basis:10%\">\n<figure class=\"wp-block-image size-large is-resized\"><img loading=\"lazy\" decoding=\"async\" width=\"122\" height=\"132\" src=\"https:\/\/interaction.cdeacf.ca\/wp-content\/uploads\/2020\/11\/Main-interactif.png\" alt=\"\" class=\"wp-image-111\" style=\"width:103px;height:111px\"\/><\/figure>\n<\/div>\n\n\n\n<div class=\"wp-block-column is-layout-flow wp-block-column-is-layout-flow\" style=\"flex-basis:90%\">\n<p>Dans le menu en haut de page, cliquez sur le titre ou la th\u00e9matique qui vous int\u00e9resse. Vous arriverez sur la page qui contient les activit\u00e9s concern\u00e9es. C&rsquo;est maintenant \u00e0 vous de jouer !<br><br>Vous pouvez partager les pages qui sont en acc\u00e8s libre sur cette plateforme \u00e0 vos r\u00e9seaux afin de les inviter \u00e0 r\u00e9aliser les activit\u00e9s. Vous pouvez \u00e9galement utiliser ce contenu pour r\u00e9aliser des activit\u00e9s avec vos apprenantes et votre client\u00e8le. Les pages en acc\u00e8s limit\u00e9 correspondent \u00e0 des programmes de formation asynchrones. Ces formations sont uniquement disponibles si vous <a href=\"https:\/\/cdeacf.ca\/services\/formations\" data-type=\"URL\" data-id=\"https:\/\/cdeacf.ca\/services\/formations\">passez commande d&rsquo;une formation<\/a>.<\/p>\n<\/div>\n<\/div>\n\n\n\n<hr class=\"wp-block-separator has-css-opacity\"\/>\n\n\n\n<h2 class=\"wp-block-heading has-text-color\" style=\"color:#253746\">Site principal de Co-Savoir<\/h2>\n\n\n\n<p>Le site principal de Co-Savoir est : <a href=\"https:\/\/cdeacf.ca\/\"><strong>cdeacf.ca<\/strong><\/a>. Vous pouvez acc\u00e9der \u00e0 d&rsquo;autre contenu d&rsquo;autoformation en consultant la <strong><a href=\"https:\/\/cdeacf.ca\/services\/autoformation\">section Autoformation<\/a><\/strong> du site principal de Co-Savoir.<\/p>\n\n\n\n<div class=\"wp-block-buttons is-layout-flex wp-block-buttons-is-layout-flex\">\n<div class=\"wp-block-button\"><a class=\"wp-block-button__link has-background wp-element-button\" href=\"https:\/\/cdeacf.ca\/\" style=\"background-color:#7c2529\"><strong>Revenir sur le site principal de Co-Savoir<\/strong><\/a><\/div>\n<\/div>\n","protected":false},"excerpt":{"rendered":"<p>Pr\u00e9sentation g\u00e9n\u00e9rale Vous \u00eates sur la plateforme interactive du Co-Savoir. Vous pouvez acc\u00e9der \u00e0 diff\u00e9rentes activit\u00e9s interactives sur cette plateforme. Des quiz, des phrases \u00e0 compl\u00e9ter, des s\u00e9lections d&rsquo;images, etc. Vous avez le choix entre plusieurs formats d&rsquo;activit\u00e9s sur des th\u00e9matiques diff\u00e9rentes. Cette plateforme est aliment\u00e9e au fur et \u00e0 mesure des projets. Revenez donc [&hellip;]<\/p>\n","protected":false},"author":1,"featured_media":42,"parent":0,"menu_order":0,"comment_status":"closed","ping_status":"closed","template":"","meta":{"_acf_changed":false,"footnotes":""},"class_list":["post-104","page","type-page","status-publish","has-post-thumbnail","czr-hentry"],"acf":[],"_links":{"self":[{"href":"https:\/\/interaction.cdeacf.ca\/index.php\/wp-json\/wp\/v2\/pages\/104","targetHints":{"allow":["GET"]}}],"collection":[{"href":"https:\/\/interaction.cdeacf.ca\/index.php\/wp-json\/wp\/v2\/pages"}],"about":[{"href":"https:\/\/interaction.cdeacf.ca\/index.php\/wp-json\/wp\/v2\/types\/page"}],"author":[{"embeddable":true,"href":"https:\/\/interaction.cdeacf.ca\/index.php\/wp-json\/wp\/v2\/users\/1"}],"replies":[{"embeddable":true,"href":"https:\/\/interaction.cdeacf.ca\/index.php\/wp-json\/wp\/v2\/comments?post=104"}],"version-history":[{"count":18,"href":"https:\/\/interaction.cdeacf.ca\/index.php\/wp-json\/wp\/v2\/pages\/104\/revisions"}],"predecessor-version":[{"id":657,"href":"https:\/\/interaction.cdeacf.ca\/index.php\/wp-json\/wp\/v2\/pages\/104\/revisions\/657"}],"wp:featuredmedia":[{"embeddable":true,"href":"https:\/\/interaction.cdeacf.ca\/index.php\/wp-json\/wp\/v2\/media\/42"}],"wp:attachment":[{"href":"https:\/\/interaction.cdeacf.ca\/index.php\/wp-json\/wp\/v2\/media?parent=104"}],"curies":[{"name":"wp","href":"https:\/\/api.w.org\/{rel}","templated":true}]}}