{"id":14,"date":"2020-06-19T00:01:37","date_gmt":"2020-06-19T00:01:37","guid":{"rendered":"http:\/\/interaction.cdeacf.ca\/?page_id=14"},"modified":"2020-09-24T16:30:45","modified_gmt":"2020-09-24T16:30:45","slug":"jeu-info-perso","status":"publish","type":"page","link":"https:\/\/interaction.cdeacf.ca\/index.php\/jeu-info-perso\/","title":{"rendered":"Les informations personnelles: lesquelles on peut donner, \u00e0 qui, pour quoi? (Jeu)"},"content":{"rendered":"\n<div class=\"wp-block-image\"><figure class=\"aligncenter size-large is-resized\"><img loading=\"lazy\" decoding=\"async\" src=\"https:\/\/interaction.cdeacf.ca\/wp-content\/uploads\/2020\/06\/M1-Slide4_6-1024x576.png\" alt=\"Personne derri\u00e8re un \u00e9cran d'ordinateur. Autour de sa t\u00eate, 5 points d'interrogation.\" class=\"wp-image-17\" width=\"314\" height=\"176\" srcset=\"https:\/\/interaction.cdeacf.ca\/wp-content\/uploads\/2020\/06\/M1-Slide4_6-1024x576.png 1024w, https:\/\/interaction.cdeacf.ca\/wp-content\/uploads\/2020\/06\/M1-Slide4_6-300x169.png 300w, https:\/\/interaction.cdeacf.ca\/wp-content\/uploads\/2020\/06\/M1-Slide4_6-768x432.png 768w, https:\/\/interaction.cdeacf.ca\/wp-content\/uploads\/2020\/06\/M1-Slide4_6-1536x864.png 1536w, https:\/\/interaction.cdeacf.ca\/wp-content\/uploads\/2020\/06\/M1-Slide4_6-1200x675.png 1200w, https:\/\/interaction.cdeacf.ca\/wp-content\/uploads\/2020\/06\/M1-Slide4_6.png 1920w\" sizes=\"auto, (max-width: 314px) 100vw, 314px\" \/><\/figure><\/div>\n\n\n<div class=\"h5p-iframe-wrapper\"><iframe id=\"h5p-iframe-1\" class=\"h5p-iframe\" data-content-id=\"1\" style=\"height:1px\" src=\"about:blank\" frameBorder=\"0\" scrolling=\"no\" title=\"Les donn\u00e9es sensibles\"><\/iframe><\/div>\n\n\n\n<p><a href=\"https:\/\/www.canada.ca\/fr\/emploi-developpement-social\/programmes\/numero-assurance-sociale\/proteger.html#a2\">Pour se rappeler \u00e0 qui donner son num\u00e9ro d&rsquo;assurance sociale (NAS).<\/a><\/p>\n\n\n\n<p><a href=\"http:\/\/cdeacf.ca\/boite-outils-cyberadministration\">Retourner \u00e0 la bo\u00eete \u00e0 outils Cyberadministration &#8211; CD\u00c9ACF<\/a>.<\/p>\n","protected":false},"excerpt":{"rendered":"<p>Pour se rappeler \u00e0 qui donner son num\u00e9ro d&rsquo;assurance sociale (NAS). Retourner \u00e0 la bo\u00eete \u00e0 outils Cyberadministration &#8211; CD\u00c9ACF.<\/p>\n","protected":false},"author":1,"featured_media":0,"parent":0,"menu_order":0,"comment_status":"closed","ping_status":"closed","template":"","meta":{"_acf_changed":false,"footnotes":""},"class_list":["post-14","page","type-page","status-publish","czr-hentry"],"acf":[],"_links":{"self":[{"href":"https:\/\/interaction.cdeacf.ca\/index.php\/wp-json\/wp\/v2\/pages\/14","targetHints":{"allow":["GET"]}}],"collection":[{"href":"https:\/\/interaction.cdeacf.ca\/index.php\/wp-json\/wp\/v2\/pages"}],"about":[{"href":"https:\/\/interaction.cdeacf.ca\/index.php\/wp-json\/wp\/v2\/types\/page"}],"author":[{"embeddable":true,"href":"https:\/\/interaction.cdeacf.ca\/index.php\/wp-json\/wp\/v2\/users\/1"}],"replies":[{"embeddable":true,"href":"https:\/\/interaction.cdeacf.ca\/index.php\/wp-json\/wp\/v2\/comments?post=14"}],"version-history":[{"count":14,"href":"https:\/\/interaction.cdeacf.ca\/index.php\/wp-json\/wp\/v2\/pages\/14\/revisions"}],"predecessor-version":[{"id":71,"href":"https:\/\/interaction.cdeacf.ca\/index.php\/wp-json\/wp\/v2\/pages\/14\/revisions\/71"}],"wp:attachment":[{"href":"https:\/\/interaction.cdeacf.ca\/index.php\/wp-json\/wp\/v2\/media?parent=14"}],"curies":[{"name":"wp","href":"https:\/\/api.w.org\/{rel}","templated":true}]}}