{"id":166,"date":"2020-11-24T02:36:36","date_gmt":"2020-11-24T02:36:36","guid":{"rendered":"http:\/\/interaction.cdeacf.ca\/?page_id=166"},"modified":"2021-04-12T20:02:46","modified_gmt":"2021-04-12T20:02:46","slug":"5-protocoles-de-connexion-qui-permettent-a-nos-appareils-de-communiquer-entre-eux-ou-en-ligne","status":"publish","type":"page","link":"https:\/\/interaction.cdeacf.ca\/index.php\/securite-numerique-en-violence-conjugale\/5-protocoles-de-connexion-qui-permettent-a-nos-appareils-de-communiquer-entre-eux-ou-en-ligne\/","title":{"rendered":"5 protocoles de connexion qui permettent \u00e0 nos appareils de communiquer entre eux ou en ligne"},"content":{"rendered":"\n<p class=\"has-medium-font-size\">Les appareils connect\u00e9s que nous utilisons peuvent communiquer entre eux pour partager des donn\u00e9es ou encore pour acc\u00e9der \u00e0 internet de plusieurs mani\u00e8res. Voici 5 des protocoles les plus courants qui permettent cette connexion :<\/p>\n\n\n\n<div class=\"wp-block-columns is-layout-flex wp-container-core-columns-is-layout-1 wp-block-columns-is-layout-flex\">\n<div class=\"wp-block-column is-layout-flow wp-block-column-is-layout-flow\" style=\"flex-basis:2%\"><\/div>\n\n\n\n<div class=\"wp-block-column is-layout-flow wp-block-column-is-layout-flow\" style=\"flex-basis:28.33%\">\n<ul class=\"wp-block-list\"><li><strong>la connexion Ethernet,<\/strong><\/li><li><strong>la connexion Wi-Fi,<\/strong><\/li><li><strong>la connexion de donn\u00e9es mobiles,<\/strong><\/li><li><strong>la connexion Bluetooth,<\/strong><\/li><li><strong>la connexion NFC<\/strong><em><strong>.<\/strong><\/em><\/li><\/ul>\n<\/div>\n\n\n\n<div class=\"wp-block-column is-layout-flow wp-block-column-is-layout-flow\" style=\"flex-basis:40%\">\n<p class=\"has-background has-medium-font-size\" style=\"background-color:#dde1e4\"><strong>L&rsquo;activit\u00e9 disponible sur la page <strong><a href=\"https:\/\/interaction.cdeacf.ca\/index.php\/securite-numerique-en-violence-conjugale\/quels-appareils-peuvent-partager-de-linformation-jeu\/\">Quels appareils et objets peuvent partager de l&rsquo;information ?<\/a><\/strong> vous permettra de d\u00e9couvrir certains appareils du quotidien qui utilisent ces protocoles de connexion pour se connecter \u00e0 d&rsquo;autres appareils ou pour acc\u00e9der \u00e0 internet.<\/strong><\/p>\n<\/div>\n\n\n\n<div class=\"wp-block-column is-layout-flow wp-block-column-is-layout-flow\" style=\"flex-basis:8.33%\"><\/div>\n<\/div>\n\n\n\n<hr class=\"wp-block-separator\"\/>\n\n\n\n<div style=\"height:20px\" aria-hidden=\"true\" class=\"wp-block-spacer\"><\/div>\n\n\n\n<p class=\"has-text-color has-background has-medium-font-size\" style=\"background-color:#d9c756;color:#253746\"><strong>C&rsquo;est \u00e0 vous de jouer ! Faites pivoter les cartes ci-dessous en cliquant sur le bouton \u00ab Retourner \u00bb pour en apprendre plus sur ces protocoles.<\/strong><\/p>\n\n\n\n<div class=\"wp-block-columns is-layout-flex wp-container-core-columns-is-layout-2 wp-block-columns-is-layout-flex\">\n<div class=\"wp-block-column is-layout-flow wp-block-column-is-layout-flow\" style=\"flex-basis:4%\">\n<figure class=\"wp-block-image size-large is-resized\"><img loading=\"lazy\" decoding=\"async\" src=\"https:\/\/interaction.cdeacf.ca\/wp-content\/uploads\/2020\/11\/point-information.png\" alt=\"\" class=\"wp-image-209\" width=\"43\" height=\"45\"\/><\/figure>\n\n\n\n<p><\/p>\n<\/div>\n\n\n\n<div class=\"wp-block-column is-layout-flow wp-block-column-is-layout-flow\" style=\"flex-basis:96%\">\n<p class=\"has-text-color has-medium-font-size\" style=\"color:#253746\"><strong>Pour les besoins d\u2019accessibilit\u00e9 universelle notamment, vous pouvez \u00e9galement retrouver les informations sur les diff\u00e9rents protocoles en dessous de la case d\u2019activit\u00e9. Une version t\u00e9l\u00e9chargeable au format PDF est \u00e9galement disponible en bas de page.<\/strong><\/p>\n<\/div>\n<\/div>\n\n\n<div class=\"h5p-iframe-wrapper\"><iframe id=\"h5p-iframe-5\" class=\"h5p-iframe\" data-content-id=\"5\" style=\"height:1px\" src=\"about:blank\" frameBorder=\"0\" scrolling=\"no\" title=\"Types de connexion courants\"><\/iframe><\/div>\n\n\n\n<div style=\"height:40px\" aria-hidden=\"true\" class=\"wp-block-spacer\"><\/div>\n\n\n\n<p class=\"has-white-color has-text-color has-background has-medium-font-size\" style=\"background-color:#253746\"><strong>En somme, voici les 5 protocoles pr\u00e9sent\u00e9s dans l&rsquo;activit\u00e9 ci-dessus :<\/strong><\/p>\n\n\n\n<ul class=\"wp-block-list\"><li><strong>la connexion Ethernet :<\/strong> la connexion Ethernet permet \u00e0 un appareil d&rsquo;acc\u00e9der \u00e0 internet par le biais d&rsquo;un c\u00e2ble Ethernet, aussi appel\u00e9 c\u00e2ble r\u00e9seau. Par opposition aux connexions sans fil, il faut brancher le c\u00e2ble pour \u00e9tablir la connexion. <strong><em>Exemple : lorsque vous branchez un ordinateur \u00e0 un routeur.<\/em><\/strong><\/li><\/ul>\n\n\n\n<ul class=\"wp-block-list\"><li><strong>la connexion Wi-Fi :<\/strong> il s&rsquo;agit d&rsquo;un type de connexion sans fil. Le Wi-Fi, aussi orthographi\u00e9 \u00ab wifi \u00bb permet de relier plusieurs appareils informatiques par le biais d&rsquo;ondes radio. Il est ainsi possible d&rsquo;acc\u00e9der \u00e0 internet (<strong><em>exemple : connecter son t\u00e9l\u00e9phone au routeur<\/em><\/strong>) ou de relier plusieurs appareils de son r\u00e9seau (<strong><em>exemple : relier son ordinateur \u00e0 une imprimante sans fil<\/em><\/strong>).<\/li><\/ul>\n\n\n\n<ul class=\"wp-block-list\"><li><strong>la connexion de donn\u00e9es mobiles :<\/strong> plusieurs protocoles courants sont assez r\u00e9pandus, par exemple la 3G ou la 4G. Il s&rsquo;agit de technologies qui permettent \u00e0 des appareils mobiles (t\u00e9l\u00e9phone, tablette) de se connecter \u00e0 internet \u00e0 partir du r\u00e9seau de leur op\u00e9rateur de t\u00e9l\u00e9phonie mobile (exemple : Bell, Fido, Videotron, etc.). <strong><em>Exemple : utiliser la 3G de son t\u00e9l\u00e9phone pour aller consulter ses courriels en ligne.<\/em><\/strong><\/li><\/ul>\n\n\n\n<ul class=\"wp-block-list\"><li><strong>la connexion Bluetooth :<\/strong> il s&rsquo;agit d&rsquo;un protocole de connexion sans fil qui s&rsquo;\u00e9tablit entre des appareils situ\u00e9s \u00e0 proximit\u00e9. Par le biais d&rsquo;ondes radios, les appareils proches peuvent communiquer afin de transf\u00e9rer des fichiers ou de permettre \u00e0 un des appareils de partager sa connexion \u00e0 internet dans un rayon maximum de 10 m\u00e8tres environ. <strong><em>Exemple : connecter son t\u00e9l\u00e9phone \u00e0 des haut-parleurs.<\/em><\/strong><\/li><\/ul>\n\n\n\n<ul class=\"wp-block-list\"><li><strong>la connexion NFC : <\/strong>le protocole de communication en champ proche, en anglais Near Field Communication&nbsp;(NFC), permet d&rsquo;\u00e9changer des donn\u00e9es entre 2 appareils qui sont mis en contact ou \u00e0 moins de 10 centim\u00e8tres l&rsquo;un de l&rsquo;autre. En somme, il suffit de coller les 2 appareils pour permettre l&rsquo;\u00e9change d&rsquo;informations. <strong><em>Exemple : lorsque vous rapprochez votre carte de cr\u00e9dit de la machine pour payer dans un supermarch\u00e9.<\/em><\/strong><\/li><\/ul>\n\n\n\n<div style=\"height:32px\" aria-hidden=\"true\" class=\"wp-block-spacer\"><\/div>\n\n\n\n<div class=\"wp-block-buttons is-layout-flex wp-block-buttons-is-layout-flex\">\n<div class=\"wp-block-button is-style-fill\"><a class=\"wp-block-button__link has-white-color has-text-color has-background\" href=\"http:\/\/bv.cdeacf.ca\/images\/SCFViolence\/Fiches\/Fiche-5ProtocolesDeConnexionCourant-CDEACF.pdf\" style=\"background-color:#7c2529\"><strong>T\u00e9l\u00e9chargez la fiche au format PDF<\/strong><\/a><\/div>\n<\/div>\n","protected":false},"excerpt":{"rendered":"<p>Les appareils connect\u00e9s que nous utilisons peuvent communiquer entre eux pour partager des donn\u00e9es ou encore pour acc\u00e9der \u00e0 internet de plusieurs mani\u00e8res. Voici 5 des protocoles les plus courants qui permettent cette connexion : la connexion Ethernet, la connexion Wi-Fi, la connexion de donn\u00e9es mobiles, la connexion Bluetooth, la connexion NFC. L&rsquo;activit\u00e9 disponible sur [&hellip;]<\/p>\n","protected":false},"author":1,"featured_media":0,"parent":169,"menu_order":1,"comment_status":"closed","ping_status":"closed","template":"","meta":{"_acf_changed":false,"footnotes":""},"class_list":["post-166","page","type-page","status-publish","czr-hentry"],"acf":[],"_links":{"self":[{"href":"https:\/\/interaction.cdeacf.ca\/index.php\/wp-json\/wp\/v2\/pages\/166","targetHints":{"allow":["GET"]}}],"collection":[{"href":"https:\/\/interaction.cdeacf.ca\/index.php\/wp-json\/wp\/v2\/pages"}],"about":[{"href":"https:\/\/interaction.cdeacf.ca\/index.php\/wp-json\/wp\/v2\/types\/page"}],"author":[{"embeddable":true,"href":"https:\/\/interaction.cdeacf.ca\/index.php\/wp-json\/wp\/v2\/users\/1"}],"replies":[{"embeddable":true,"href":"https:\/\/interaction.cdeacf.ca\/index.php\/wp-json\/wp\/v2\/comments?post=166"}],"version-history":[{"count":17,"href":"https:\/\/interaction.cdeacf.ca\/index.php\/wp-json\/wp\/v2\/pages\/166\/revisions"}],"predecessor-version":[{"id":249,"href":"https:\/\/interaction.cdeacf.ca\/index.php\/wp-json\/wp\/v2\/pages\/166\/revisions\/249"}],"up":[{"embeddable":true,"href":"https:\/\/interaction.cdeacf.ca\/index.php\/wp-json\/wp\/v2\/pages\/169"}],"wp:attachment":[{"href":"https:\/\/interaction.cdeacf.ca\/index.php\/wp-json\/wp\/v2\/media?parent=166"}],"curies":[{"name":"wp","href":"https:\/\/api.w.org\/{rel}","templated":true}]}}