{"id":91,"date":"2020-11-23T21:50:25","date_gmt":"2020-11-23T21:50:25","guid":{"rendered":"http:\/\/interaction.cdeacf.ca\/?page_id=91"},"modified":"2021-04-12T20:02:08","modified_gmt":"2021-04-12T20:02:08","slug":"quels-appareils-peuvent-partager-de-linformation-jeu","status":"publish","type":"page","link":"https:\/\/interaction.cdeacf.ca\/index.php\/securite-numerique-en-violence-conjugale\/quels-appareils-peuvent-partager-de-linformation-jeu\/","title":{"rendered":"Quels appareils et objets peuvent partager de l&rsquo;information ?"},"content":{"rendered":"\n<p class=\"has-medium-font-size\">De plus en plus d&rsquo;appareils du quotidien peuvent se connecter \u00e0 internet ou \u00e0 d&rsquo;autres appareils. Cette connexion permet d&rsquo;\u00e9changer des fichiers ou des informations, par exemple : la localisation de l&rsquo;appareil, des informations d&rsquo;identification, des donn\u00e9es d&rsquo;utilisation, etc. La connexion \u00e0 internet ou \u00e0 un autre appareil peut se faire de plusieurs mani\u00e8res. Voici certains des modes de connexion parmi les plus courants :<\/p>\n\n\n\n<div class=\"wp-block-columns is-layout-flex wp-container-core-columns-is-layout-1 wp-block-columns-is-layout-flex\">\n<div class=\"wp-block-column is-layout-flow wp-block-column-is-layout-flow\" style=\"flex-basis:2%\"><\/div>\n\n\n\n<div class=\"wp-block-column is-layout-flow wp-block-column-is-layout-flow\" style=\"flex-basis:28.33%\">\n<ul class=\"wp-block-list\"><li><strong>la connexion Ethernet,<\/strong><\/li><li><strong>la connexion Wi-Fi,<\/strong><\/li><li><strong>la connexion de donn\u00e9es mobiles,<\/strong><\/li><li><strong>la connexion Bluetooth,<\/strong><\/li><li><strong>la connexion NFC<\/strong><em><strong>.<\/strong><\/em><\/li><\/ul>\n<\/div>\n\n\n\n<div class=\"wp-block-column is-layout-flow wp-block-column-is-layout-flow\" style=\"flex-basis:40%\">\n<p class=\"has-background has-medium-font-size\" style=\"background-color:#dde1e4\"><strong><strong>Vous pouvez consulter une pr\u00e9sentation plus d\u00e9taill\u00e9e de ces protocoles sur la page <a href=\"https:\/\/interaction.cdeacf.ca\/index.php\/securite-numerique-en-violence-conjugale\/5-protocoles-de-connexion-qui-permettent-a-nos-appareils-de-communiquer-entre-eux-ou-en-ligne\/\">5 protocoles de connexion qui permettent \u00e0 nos appareils de communiquer entre eux ou en ligne<\/a>.<\/strong><\/strong><\/p>\n<\/div>\n\n\n\n<div class=\"wp-block-column is-layout-flow wp-block-column-is-layout-flow\" style=\"flex-basis:8.33%\"><\/div>\n<\/div>\n\n\n\n<p class=\"has-medium-font-size\">\u00c9tant donn\u00e9 l&rsquo;\u00e9volution rapide du monde des objets connect\u00e9s, cette activit\u00e9 vise \u00e0 pr\u00e9senter certains appareils auxquels on pense plus souvent lorsqu&rsquo;on parle d&rsquo;objets connect\u00e9s, mais aussi d&rsquo;autres qu&rsquo;il est utile de conna\u00eetre pour faciliter votre travail d&rsquo;intervention.<\/p>\n\n\n\n<p class=\"has-medium-font-size\">Heureusement, il existe g\u00e9n\u00e9ralement un moyen de d\u00e9sactiver les connexions dont nous n&rsquo;avons pas besoin lorsque n\u00e9cessaire. Il est important de vous reporter au guide d&rsquo;utilisation de l&rsquo;appareil concern\u00e9 pour trouver la marche \u00e0 suivre.<\/p>\n\n\n\n<div style=\"height:20px\" aria-hidden=\"true\" class=\"wp-block-spacer\"><\/div>\n\n\n\n<hr class=\"wp-block-separator\"\/>\n\n\n\n<p class=\"has-text-color has-background has-medium-font-size\" style=\"background-color:#d9c756;color:#253746\"><strong>C&rsquo;est le moment de tester vos connaissances ! Dans la liste ci-dessous, cliquez sur les objets qui, selon vous, peuvent se connecter \u00e0 d&rsquo;autres appareils ou acc\u00e9der \u00e0 internet.<\/strong><\/p>\n\n\n\n<div class=\"wp-block-columns is-layout-flex wp-container-core-columns-is-layout-2 wp-block-columns-is-layout-flex\">\n<div class=\"wp-block-column is-layout-flow wp-block-column-is-layout-flow\" style=\"flex-basis:4%\">\n<figure class=\"wp-block-image size-large is-resized\"><img loading=\"lazy\" decoding=\"async\" src=\"https:\/\/interaction.cdeacf.ca\/wp-content\/uploads\/2020\/11\/point-information.png\" alt=\"\" class=\"wp-image-209\" width=\"43\" height=\"45\"\/><\/figure>\n\n\n\n<p><\/p>\n<\/div>\n\n\n\n<div class=\"wp-block-column is-layout-flow wp-block-column-is-layout-flow\" style=\"flex-basis:96%\">\n<p class=\"has-text-color has-medium-font-size\" style=\"color:#253746\"><strong>Pour les besoins d\u2019accessibilit\u00e9 universelle notamment, vous pouvez \u00e9galement retrouver les informations sur les diff\u00e9rents types d&rsquo;objets en dessous de la case d\u2019activit\u00e9. Une version t\u00e9l\u00e9chargeable au format PDF est \u00e9galement disponible en bas de page.<\/strong><\/p>\n<\/div>\n<\/div>\n\n\n<div class=\"h5p-content\" data-content-id=\"4\"><\/div>\n\n\n\n<div style=\"height:36px\" aria-hidden=\"true\" class=\"wp-block-spacer\"><\/div>\n\n\n\n<p class=\"has-white-color has-text-color has-background has-medium-font-size\" style=\"background-color:#253746\"><strong>En somme, voici les informations pr\u00e9sent\u00e9es dans cette activit\u00e9 :<\/strong><\/p>\n\n\n\n<ul class=\"wp-block-list\"><li>Oui ! Les<strong> t\u00e9l\u00e9phones intelligents<\/strong> peuvent se connecter \u00e0 diff\u00e9rents types de r\u00e9seaux et partager des informations avec d&rsquo;autres appareils ou par le biais de vos comptes connect\u00e9s.<\/li><\/ul>\n\n\n\n<ul class=\"wp-block-list\"><li>Oui ! Il existe de plus en plus de mod\u00e8les de <strong>montres intelligentes<\/strong>, ou encore appel\u00e9es \u00ab smartwatch \u00bb ou \u00ab montres connect\u00e9es \u00bb. Elles partagent de l&rsquo;information avec vos comptes connect\u00e9s et tout appareil qui peut \u00eatre reli\u00e9, notamment par Bluetooth.<\/li><\/ul>\n\n\n\n<ul class=\"wp-block-list\"><li>Oui ! Les <strong>syst\u00e8mes de navigation GPS<\/strong> peuvent partager de l&rsquo;information, par exemple, lorsque vous les connectez \u00e0 d&rsquo;autres appareils (exemple un t\u00e9l\u00e9phone en Bluetooth) ou \u00e0 un ordinateur pour mettre \u00e0 jour vos cartes en ligne.<\/li><\/ul>\n\n\n\n<ul class=\"wp-block-list\"><li>Oui ! <strong>Les consoles de jeu <\/strong>(PlayStation, Xbox, etc.), surtout les plus r\u00e9centes, n\u00e9cessitent de se connecter \u00e0 internet pour acc\u00e9der \u00e0 ses jeux pr\u00e9f\u00e9r\u00e9s, pour faire des mises \u00e0 jour ou pour jouer avec des ami.es en ligne.<\/li><\/ul>\n\n\n\n<ul class=\"wp-block-list\"><li>Oui ! Les <strong>voitures <\/strong>peuvent partager des informations, exemples : l&rsquo;ordinateur de bord connect\u00e9 \u00e0 votre compte Google Maps ou \u00e0 votre t\u00e9l\u00e9phone partage les informations sur vos trajets, un syst\u00e8me Boomerang qui indique sa localisation, etc.<\/li><\/ul>\n\n\n\n<ul class=\"wp-block-list\"><li>Oui ! Les <strong>ordinateurs <\/strong>peuvent se connecter \u00e0 diff\u00e9rents r\u00e9seaux et partager des informations avec d&rsquo;autres appareils, en ligne ou par le biais de vos comptes connect\u00e9s.<\/li><\/ul>\n\n\n\n<ul class=\"wp-block-list\"><li>Oui ! Un nombre croissant de <strong>jouets, comme des poup\u00e9es (Calya, Hello Barbie), robots, ou aussi des peluches<\/strong>, sont dot\u00e9s de micros et fonctionnalit\u00e9s connect\u00e9es via une application ou en se connectant directement \u00e0 internet.<\/li><\/ul>\n\n\n\n<ul class=\"wp-block-list\"><li>Oui ! Les <strong>appareils photos et cam\u00e9ras r\u00e9centes<\/strong> poss\u00e8dent plusieurs types de connexion, notamment : connexion directe \u00e0 internet en Wi-Fi, connexion \u00e0 d&rsquo;autres appareils par NFC.<\/li><\/ul>\n\n\n\n<ul class=\"wp-block-list\"><li>Oui ! Les <strong>\u00ab TV intelligentes \u00bb <\/strong>se connectent \u00e0 internet. Il faut aussi les connecter \u00e0 vos services de diffusion en continue d&rsquo;\u00e9missions. Vos programmes pr\u00e9f\u00e9r\u00e9s sont donc enregistr\u00e9s dans vos comptes en ligne ainsi que votre localisation.<\/li><\/ul>\n\n\n\n<ul class=\"wp-block-list\"><li>Non le <strong>Rubik&rsquo;s Cube<\/strong> ne se connecte pas ! Il existe encore des jouets et objets qui ne sont pas connect\u00e9s \u00e0 internet ou \u00e0 un autre type de r\u00e9seau permettant de partager de l&rsquo;information \ud83d\ude42<\/li><\/ul>\n\n\n\n<div style=\"height:36px\" aria-hidden=\"true\" class=\"wp-block-spacer\"><\/div>\n\n\n\n<div class=\"wp-block-buttons is-layout-flex wp-block-buttons-is-layout-flex\">\n<div class=\"wp-block-button is-style-fill\"><a class=\"wp-block-button__link has-white-color has-text-color has-background\" href=\"http:\/\/bv.cdeacf.ca\/images\/SCFViolence\/Fiches\/Fiche-LesAppareilsQuiPartagentDeLinformation-CDEACF.pdf\" style=\"background-color:#7c2529\"><strong>T\u00e9l\u00e9chargez la fiche au format PDF<\/strong><\/a><\/div>\n<\/div>\n","protected":false},"excerpt":{"rendered":"<p>De plus en plus d&rsquo;appareils du quotidien peuvent se connecter \u00e0 internet ou \u00e0 d&rsquo;autres appareils. Cette connexion permet d&rsquo;\u00e9changer des fichiers ou des informations, par exemple : la localisation de l&rsquo;appareil, des informations d&rsquo;identification, des donn\u00e9es d&rsquo;utilisation, etc. La connexion \u00e0 internet ou \u00e0 un autre appareil peut se faire de plusieurs mani\u00e8res. Voici [&hellip;]<\/p>\n","protected":false},"author":1,"featured_media":0,"parent":169,"menu_order":0,"comment_status":"closed","ping_status":"closed","template":"","meta":{"_acf_changed":false,"footnotes":""},"class_list":["post-91","page","type-page","status-publish","czr-hentry"],"acf":[],"_links":{"self":[{"href":"https:\/\/interaction.cdeacf.ca\/index.php\/wp-json\/wp\/v2\/pages\/91","targetHints":{"allow":["GET"]}}],"collection":[{"href":"https:\/\/interaction.cdeacf.ca\/index.php\/wp-json\/wp\/v2\/pages"}],"about":[{"href":"https:\/\/interaction.cdeacf.ca\/index.php\/wp-json\/wp\/v2\/types\/page"}],"author":[{"embeddable":true,"href":"https:\/\/interaction.cdeacf.ca\/index.php\/wp-json\/wp\/v2\/users\/1"}],"replies":[{"embeddable":true,"href":"https:\/\/interaction.cdeacf.ca\/index.php\/wp-json\/wp\/v2\/comments?post=91"}],"version-history":[{"count":40,"href":"https:\/\/interaction.cdeacf.ca\/index.php\/wp-json\/wp\/v2\/pages\/91\/revisions"}],"predecessor-version":[{"id":248,"href":"https:\/\/interaction.cdeacf.ca\/index.php\/wp-json\/wp\/v2\/pages\/91\/revisions\/248"}],"up":[{"embeddable":true,"href":"https:\/\/interaction.cdeacf.ca\/index.php\/wp-json\/wp\/v2\/pages\/169"}],"wp:attachment":[{"href":"https:\/\/interaction.cdeacf.ca\/index.php\/wp-json\/wp\/v2\/media?parent=91"}],"curies":[{"name":"wp","href":"https:\/\/api.w.org\/{rel}","templated":true}]}}